{"id":141,"date":"2020-01-15T19:36:55","date_gmt":"2020-01-15T19:36:55","guid":{"rendered":"http:\/\/piadamkier.dk\/?page_id=141"},"modified":"2023-05-08T21:00:56","modified_gmt":"2023-05-08T21:00:56","slug":"behandling","status":"publish","type":"page","link":"https:\/\/piadamkier.dk\/?page_id=141","title":{"rendered":"Behandling"},"content":{"rendered":"\n<p><strong>Du kan med en henvisning fra din l\u00e6ge f\u00e5 tilskud til psykologbehandling, hvis du tilh\u00f8rer en af nedenst\u00e5ende grupper\/personkredse. Tilskud f\u00e5s kun hos psykologer med ydernummer:<\/strong><\/p>\n\n\n\n<ul><li>r\u00f8veri-, volds- og voldt\u00e6gtsofre.<\/li><li>trafik- og ulykkesofre.<\/li><li>p\u00e5r\u00f8rende til alvorligt psykisk syge personer.<\/li><li>personer ramt af alvorligt invaliderende sygdom.<\/li><li>p\u00e5r\u00f8rende til personer ramt af en alvorligt invaliderende sygdom.<\/li><li>p\u00e5r\u00f8rende ved d\u00f8dsfald.<\/li><li>personer, der har fors\u00f8gt selvmord.<\/li><li>kvinder, der, som f\u00f8lge af misdannelser eller lignende ved barnet, f\u00e5r foretaget provokeret abort efter 12. graviditetsuge.<\/li><li>personer, der inden det fyldte 18. \u00e5r har v\u00e6ret udsat for incest eller andre seksuelle overgreb.<\/li><li>personer med let til moderat depression fra 18 \u00e5r.<\/li><li>personer med let til moderat angstlidelse, herunder let til moderat OCD fra 18 \u00e5r.<\/li><\/ul>\n\n\n\n<p><strong>Gratis psykologhj\u00e6lp til unge mellem 18 og 2<\/strong>4<\/p>\n\n\n\n<p>Unge mellem 18 og 24 \u00e5r er berettiget til gratis psykologhj\u00e6lp for angst og depression<\/p>\n\n\n\n<p><strong>B\u00f8rn og unge under 18 (obs \u2013 jeg arbejder udelukkende med voksne).<\/strong><\/p>\n\n\n\n<p>B\u00f8rn og unge under 18 \u00e5r er ogs\u00e5 berettiget til psykologhj\u00e6lp efter praksisoverenskomsten. Dog ikke ved kategori 10 og 11.<\/p>\n\n\n\n<p><strong>Husk henvisning fra din l\u00e6ge<\/strong><\/p>\n\n\n\n<p>Du kan ikke automatisk f\u00e5 en henvisning, hvis du har v\u00e6ret udsat for en eller flere af de anf\u00f8rte h\u00e6ndelser. Din l\u00e6ge skal sk\u00f8nne, at du befinder dig i en krise, som er udl\u00f8st af det, du har v\u00e6ret udsat for.<br>L\u00e6gen kan som udgangspunkt henvise dig til psykologhj\u00e6lp inden 6 m\u00e5neder efter den begivenhed, der er grunden til, at du \u00f8nsker psykologhj\u00e6lp.<\/p>\n\n\n\n<p>Henvisning kan dog ogs\u00e5 udstedes senere og skal i alle tilf\u00e6lde udstedes senest 12 m\u00e5neder efter den udl\u00f8sende begivenhed. (Tidsbegr\u00e6nsningen g\u00e6lder ikke i forbindelse med incest\/seksuelle overgreb eller depression.)<\/p>\n\n\n\n<p>Hvis du er udsat for flere h\u00e6ndelser, giver hver h\u00e6ndelse mulighed for tilskud til psykologbehandling efter samme retningslinjer.<\/p>\n\n\n\n<p>En henvisning giver ret til max. 12 samtaler, dog kan let til moderat depressive og angste opn\u00e5 op til 2 x 12 samtaler efter henvisning fra egen l\u00e6ge.<\/p>\n\n\n\n<p><strong>Hvis du skifter psykolog<\/strong><\/p>\n\n\n\n<p>Henvisningen g\u00e6lder stadig, selv om du skifter psykolog i forl\u00f8bet. Fort\u00e6l blot den nye psykolog, at der er tale om et skift, s\u00e5 tager psykologen kontakt til regionen og f\u00e5r oplyst, hvor mange konsultationer, du har tilbage p\u00e5 henvisningen.<\/p>\n","protected":false},"excerpt":{"rendered":"<p>Du kan med en henvisning fra din l\u00e6ge f\u00e5 tilskud til psykologbehandling, hvis du tilh\u00f8rer en af nedenst\u00e5ende grupper\/personkredse. Tilskud f\u00e5s kun hos psykologer med ydernummer: r\u00f8veri-, volds- og voldt\u00e6gtsofre&#8230;. <\/p>\n","protected":false},"author":1,"featured_media":0,"parent":0,"menu_order":0,"comment_status":"closed","ping_status":"closed","template":"","meta":{"footnotes":""},"_links":{"self":[{"href":"https:\/\/piadamkier.dk\/index.php?rest_route=\/wp\/v2\/pages\/141"}],"collection":[{"href":"https:\/\/piadamkier.dk\/index.php?rest_route=\/wp\/v2\/pages"}],"about":[{"href":"https:\/\/piadamkier.dk\/index.php?rest_route=\/wp\/v2\/types\/page"}],"author":[{"embeddable":true,"href":"https:\/\/piadamkier.dk\/index.php?rest_route=\/wp\/v2\/users\/1"}],"replies":[{"embeddable":true,"href":"https:\/\/piadamkier.dk\/index.php?rest_route=%2Fwp%2Fv2%2Fcomments&post=141"}],"version-history":[{"count":3,"href":"https:\/\/piadamkier.dk\/index.php?rest_route=\/wp\/v2\/pages\/141\/revisions"}],"predecessor-version":[{"id":261,"href":"https:\/\/piadamkier.dk\/index.php?rest_route=\/wp\/v2\/pages\/141\/revisions\/261"}],"wp:attachment":[{"href":"https:\/\/piadamkier.dk\/index.php?rest_route=%2Fwp%2Fv2%2Fmedia&parent=141"}],"curies":[{"name":"wp","href":"https:\/\/api.w.org\/{rel}","templated":true}]}}