{"id":145,"date":"2020-01-15T19:38:02","date_gmt":"2020-01-15T19:38:02","guid":{"rendered":"http:\/\/piadamkier.dk\/?page_id=145"},"modified":"2020-01-15T19:43:58","modified_gmt":"2020-01-15T19:43:58","slug":"se-mere-her","status":"publish","type":"page","link":"https:\/\/piadamkier.dk\/?page_id=145","title":{"rendered":"Se mere her"},"content":{"rendered":"\n<p>Uanset hvad du er udfordret af lige i \u00f8jeblikket, er du velkommen. Herunder her jeg skrevet nogle eksempler p\u00e5, hvad jeg ogs\u00e5 arbejder med;<\/p>\n\n\n\n<p>Akut opst\u00e5ede kriser &#8211; b\u00e5de privat og arbejdsm\u00e6ssigt<br>Psykologiske debriefinger<\/p>\n\n\n\n<p>Stressbehandling<\/p>\n\n\n\n<p>Udfordringer p\u00e5 arbejdet<\/p>\n\n\n\n<p>Familie- eller parproblemer<br>Utroskab \/ skilsmisse<br>Svigt og brud p\u00e5 tillid<br>Selvv\u00e6rdsproblemer, strategier i livet, der f\u00e5r dig ud i de samme&nbsp;<br>uhensigtm\u00e6ssige m\u00f8nstre<br>Forandringer i livet, som du ikke selv har indflydelse p\u00e5<br>At v\u00e6re vokset op i dysfunktionel familie, fx. med alkohol eller andet&nbsp;<br>misbrug<\/p>\n\n\n\n<p>Start p\u00e5 uddannelse<br>Miste sit job<br>Forberedelse til den tredje alder<br><\/p>\n","protected":false},"excerpt":{"rendered":"<p>Uanset hvad du er udfordret af lige i \u00f8jeblikket, er du velkommen. Herunder her jeg skrevet nogle eksempler p\u00e5, hvad jeg ogs\u00e5 arbejder med; Akut opst\u00e5ede kriser &#8211; b\u00e5de privat&#8230; <\/p>\n","protected":false},"author":1,"featured_media":0,"parent":0,"menu_order":0,"comment_status":"closed","ping_status":"closed","template":"","meta":{"footnotes":""},"_links":{"self":[{"href":"https:\/\/piadamkier.dk\/index.php?rest_route=\/wp\/v2\/pages\/145"}],"collection":[{"href":"https:\/\/piadamkier.dk\/index.php?rest_route=\/wp\/v2\/pages"}],"about":[{"href":"https:\/\/piadamkier.dk\/index.php?rest_route=\/wp\/v2\/types\/page"}],"author":[{"embeddable":true,"href":"https:\/\/piadamkier.dk\/index.php?rest_route=\/wp\/v2\/users\/1"}],"replies":[{"embeddable":true,"href":"https:\/\/piadamkier.dk\/index.php?rest_route=%2Fwp%2Fv2%2Fcomments&post=145"}],"version-history":[{"count":5,"href":"https:\/\/piadamkier.dk\/index.php?rest_route=\/wp\/v2\/pages\/145\/revisions"}],"predecessor-version":[{"id":155,"href":"https:\/\/piadamkier.dk\/index.php?rest_route=\/wp\/v2\/pages\/145\/revisions\/155"}],"wp:attachment":[{"href":"https:\/\/piadamkier.dk\/index.php?rest_route=%2Fwp%2Fv2%2Fmedia&parent=145"}],"curies":[{"name":"wp","href":"https:\/\/api.w.org\/{rel}","templated":true}]}}