{"id":20,"date":"2017-10-15T17:12:19","date_gmt":"2017-10-15T17:12:19","guid":{"rendered":"http:\/\/piadamkier.dk\/?page_id=20"},"modified":"2023-10-04T07:02:22","modified_gmt":"2023-10-04T07:02:22","slug":"arbejdsomrade","status":"publish","type":"page","link":"https:\/\/piadamkier.dk\/?page_id=20","title":{"rendered":"Hvad taler man med en psykolog om?"},"content":{"rendered":"<p>Der kan v\u00e6re mange grunde til at g\u00e5 til en psykolog og det varierer fra person til person. F\u00e6lles for de fleste er som oftest, at der er behov for at tale med en professionel person, der kan tilbyde \u00e9n et rum, hvor det er muligt at f\u00e5 en ny forst\u00e5else af sin livssituation. N\u00e5r man v\u00e6lger at rette henvendelse til en psykolog, er der s\u00e5ledes et behov for at tale med en person, som forholder sig professionelt og ikke d\u00f8mmende til de vanskeligheder, man m\u00f8der i livet.<br \/>\nJeg kan hj\u00e6lpe dig med at rumme dine f\u00f8lelser og skabe klarhed over dine tanker. Sammen finder vi vej gennem den kompleksitet, som p\u00e5 en eller anden m\u00e5de har ophobet sig hos dig. Indsigt kan g\u00f8re det nemmere at rumme og bearbejde de f\u00f8lelser, der kommer p\u00e5 tv\u00e6rs og hindrer dig i at g\u00f8re det du \u00f8nsker.<br \/>\nF\u00f8rste samtale er af en afklarende samtale, hvor du fort\u00e6ller, hvad du vil have hj\u00e6lp til. Form\u00e5let er at unders\u00f8ge om psykologisk r\u00e5dgivning eller terapi er noget du kan bruge, og f\u00f8rst herefter aftales et eventuelt behandlingsforl\u00f8b.<br \/>\nAlle henvendelser behandles fortroligt og som psykolog er jeg underlagt tavshedspligt. Jeg f\u00f8lger Dansk Psykologforening og arbejder\u00a0 efter Nordiske etikregler <a href=\"https:\/\/www.dp.dk\/wp-content\/uploads\/2022\/11\/EtiskePrincipper.s.27-32fraDPRegelsaet-2021-24.pdf\" target=\"_blank\" rel=\"noopener noreferrer\" data-auth=\"NotApplicable\" data-linkindex=\"0\">(l\u00e6s mere).<\/a><\/p>\n","protected":false},"excerpt":{"rendered":"<p>Der kan v\u00e6re mange grunde til at g\u00e5 til en psykolog og det varierer fra person til person. F\u00e6lles for de fleste er som oftest, at der er behov for&#8230; <\/p>\n","protected":false},"author":1,"featured_media":0,"parent":0,"menu_order":0,"comment_status":"closed","ping_status":"closed","template":"","meta":{"footnotes":""},"_links":{"self":[{"href":"https:\/\/piadamkier.dk\/index.php?rest_route=\/wp\/v2\/pages\/20"}],"collection":[{"href":"https:\/\/piadamkier.dk\/index.php?rest_route=\/wp\/v2\/pages"}],"about":[{"href":"https:\/\/piadamkier.dk\/index.php?rest_route=\/wp\/v2\/types\/page"}],"author":[{"embeddable":true,"href":"https:\/\/piadamkier.dk\/index.php?rest_route=\/wp\/v2\/users\/1"}],"replies":[{"embeddable":true,"href":"https:\/\/piadamkier.dk\/index.php?rest_route=%2Fwp%2Fv2%2Fcomments&post=20"}],"version-history":[{"count":5,"href":"https:\/\/piadamkier.dk\/index.php?rest_route=\/wp\/v2\/pages\/20\/revisions"}],"predecessor-version":[{"id":269,"href":"https:\/\/piadamkier.dk\/index.php?rest_route=\/wp\/v2\/pages\/20\/revisions\/269"}],"wp:attachment":[{"href":"https:\/\/piadamkier.dk\/index.php?rest_route=%2Fwp%2Fv2%2Fmedia&parent=20"}],"curies":[{"name":"wp","href":"https:\/\/api.w.org\/{rel}","templated":true}]}}