{"id":23,"date":"2017-10-15T17:12:19","date_gmt":"2017-10-15T17:12:19","guid":{"rendered":"http:\/\/piadamkier.dk\/?page_id=23"},"modified":"2023-12-09T22:05:42","modified_gmt":"2023-12-09T22:05:42","slug":"kontakt","status":"publish","type":"page","link":"https:\/\/piadamkier.dk\/?page_id=23","title":{"rendered":"Kontakt"},"content":{"rendered":"<p><strong>Kontakt psykolog Pia Damkier Hansen<\/strong><\/p>\n<p><strong>J<\/strong><strong>eg kan p\u00e5 nuv\u00e6rende tidspunkt kun kontaktes p\u00e5 mail: info@piadamkier.dk. Opdateret 9\/12-23.<\/strong><\/p>\n<p><strong>Kontakt info<\/strong><\/p>\n<p>Cand.Psych. Aut., Specialist i Psykotraumatologi og klinisk psykologi<br \/>\nPia Damkier Hansen<br \/>\nVandv\u00e6rksvej 1<br \/>\nDK-2670 Greve<\/p>\n<p>Ring til Pia Damkier Hansen : 60 82 99 51<\/p>\n<p>Send en mail : info@piadamkier.dk<\/p>\n<p>&#8211; OBS p\u00e5 grund af persondataforordningen m\u00e5 du ikke sende personf\u00f8lsomme oplysninger i din mail.<\/p>\n","protected":false},"excerpt":{"rendered":"<p>Kontakt psykolog Pia Damkier Hansen Jeg kan p\u00e5 nuv\u00e6rende tidspunkt kun kontaktes p\u00e5 mail: info@piadamkier.dk. Opdateret 9\/12-23. Kontakt info Cand.Psych. Aut., Specialist i Psykotraumatologi og klinisk psykologi Pia Damkier Hansen&#8230; <\/p>\n","protected":false},"author":1,"featured_media":0,"parent":0,"menu_order":0,"comment_status":"closed","ping_status":"closed","template":"","meta":{"footnotes":""},"_links":{"self":[{"href":"https:\/\/piadamkier.dk\/index.php?rest_route=\/wp\/v2\/pages\/23"}],"collection":[{"href":"https:\/\/piadamkier.dk\/index.php?rest_route=\/wp\/v2\/pages"}],"about":[{"href":"https:\/\/piadamkier.dk\/index.php?rest_route=\/wp\/v2\/types\/page"}],"author":[{"embeddable":true,"href":"https:\/\/piadamkier.dk\/index.php?rest_route=\/wp\/v2\/users\/1"}],"replies":[{"embeddable":true,"href":"https:\/\/piadamkier.dk\/index.php?rest_route=%2Fwp%2Fv2%2Fcomments&post=23"}],"version-history":[{"count":5,"href":"https:\/\/piadamkier.dk\/index.php?rest_route=\/wp\/v2\/pages\/23\/revisions"}],"predecessor-version":[{"id":274,"href":"https:\/\/piadamkier.dk\/index.php?rest_route=\/wp\/v2\/pages\/23\/revisions\/274"}],"wp:attachment":[{"href":"https:\/\/piadamkier.dk\/index.php?rest_route=%2Fwp%2Fv2%2Fmedia&parent=23"}],"curies":[{"name":"wp","href":"https:\/\/api.w.org\/{rel}","templated":true}]}}